{"id":1414,"date":"2016-02-12T07:54:41","date_gmt":"2016-02-12T07:54:41","guid":{"rendered":"http:\/\/demos.famethemes.com\/onepress\/?page_id=4"},"modified":"2023-02-19T10:54:09","modified_gmt":"2023-02-19T10:54:09","slug":"home","status":"publish","type":"page","link":"https:\/\/www.dziuniek.pl\/","title":{"rendered":"Start"},"content":{"rendered":"","protected":false},"excerpt":{"rendered":"","protected":false},"author":2,"featured_media":0,"parent":0,"menu_order":0,"comment_status":"closed","ping_status":"closed","template":"template-frontpage.php","meta":{"footnotes":""},"class_list":["post-1414","page","type-page","status-publish","hentry"],"yoast_head":"<!-- This site is optimized with the Yoast SEO plugin v27.1.1 - https:\/\/yoast.com\/product\/yoast-seo-wordpress\/ -->\n<title>Start - P.U. Dziuniek<\/title>\n<meta name=\"robots\" content=\"index, follow, max-snippet:-1, max-image-preview:large, max-video-preview:-1\" \/>\n<link rel=\"canonical\" href=\"https:\/\/www.dziuniek.pl\/\" \/>\n<meta property=\"og:locale\" content=\"pl_PL\" \/>\n<meta property=\"og:type\" content=\"article\" \/>\n<meta property=\"og:title\" content=\"Start - P.U. Dziuniek\" \/>\n<meta property=\"og:url\" content=\"https:\/\/www.dziuniek.pl\/\" \/>\n<meta property=\"og:site_name\" content=\"P.U. Dziuniek\" \/>\n<meta property=\"article:publisher\" content=\"https:\/\/www.facebook.com\/PU-Dziuniek-2152754564759870\/\" \/>\n<meta property=\"article:modified_time\" content=\"2023-02-19T10:54:09+00:00\" \/>\n<meta name=\"twitter:card\" content=\"summary_large_image\" \/>\n<script type=\"application\/ld+json\" class=\"yoast-schema-graph\">{\"@context\":\"https:\/\/schema.org\",\"@graph\":[{\"@type\":\"WebPage\",\"@id\":\"https:\/\/www.dziuniek.pl\/\",\"url\":\"https:\/\/www.dziuniek.pl\/\",\"name\":\"Start - P.U. Dziuniek\",\"isPartOf\":{\"@id\":\"https:\/\/www.dziuniek.pl\/#website\"},\"datePublished\":\"2016-02-12T07:54:41+00:00\",\"dateModified\":\"2023-02-19T10:54:09+00:00\",\"breadcrumb\":{\"@id\":\"https:\/\/www.dziuniek.pl\/#breadcrumb\"},\"inLanguage\":\"pl-PL\",\"potentialAction\":[{\"@type\":\"ReadAction\",\"target\":[\"https:\/\/www.dziuniek.pl\/\"]}]},{\"@type\":\"BreadcrumbList\",\"@id\":\"https:\/\/www.dziuniek.pl\/#breadcrumb\",\"itemListElement\":[{\"@type\":\"ListItem\",\"position\":1,\"name\":\"Strona g\u0142\u00f3wna\",\"item\":\"https:\/\/www.dziuniek.pl\/\"},{\"@type\":\"ListItem\",\"position\":2,\"name\":\"Start\"}]},{\"@type\":\"WebSite\",\"@id\":\"https:\/\/www.dziuniek.pl\/#website\",\"url\":\"https:\/\/www.dziuniek.pl\/\",\"name\":\"P.U. Dziuniek\",\"description\":\"Profesjonalne czyszczenie kostki, elewacji, wentylacji mechanicznej, drobne prace wysoko\u015bciowe, od\u015bnie\u017canie\",\"publisher\":{\"@id\":\"https:\/\/www.dziuniek.pl\/#organization\"},\"potentialAction\":[{\"@type\":\"SearchAction\",\"target\":{\"@type\":\"EntryPoint\",\"urlTemplate\":\"https:\/\/www.dziuniek.pl\/?s={search_term_string}\"},\"query-input\":{\"@type\":\"PropertyValueSpecification\",\"valueRequired\":true,\"valueName\":\"search_term_string\"}}],\"inLanguage\":\"pl-PL\"},{\"@type\":\"Organization\",\"@id\":\"https:\/\/www.dziuniek.pl\/#organization\",\"name\":\"P.U. Dziuniek\",\"url\":\"https:\/\/www.dziuniek.pl\/\",\"logo\":{\"@type\":\"ImageObject\",\"inLanguage\":\"pl-PL\",\"@id\":\"https:\/\/www.dziuniek.pl\/#\/schema\/logo\/image\/\",\"url\":\"https:\/\/www.dziuniek.pl\/wp-content\/uploads\/2023\/02\/cropped-Zasob-4-1.png\",\"contentUrl\":\"https:\/\/www.dziuniek.pl\/wp-content\/uploads\/2023\/02\/cropped-Zasob-4-1.png\",\"width\":414,\"height\":100,\"caption\":\"P.U. Dziuniek\"},\"image\":{\"@id\":\"https:\/\/www.dziuniek.pl\/#\/schema\/logo\/image\/\"},\"sameAs\":[\"https:\/\/www.facebook.com\/PU-Dziuniek-2152754564759870\/\",\"https:\/\/goo.gl\/maps\/cWg5AmAtcGkWDqwV8\"]}]}<\/script>\n<!-- \/ Yoast SEO plugin. -->","yoast_head_json":{"title":"Start - P.U. Dziuniek","robots":{"index":"index","follow":"follow","max-snippet":"max-snippet:-1","max-image-preview":"max-image-preview:large","max-video-preview":"max-video-preview:-1"},"canonical":"https:\/\/www.dziuniek.pl\/","og_locale":"pl_PL","og_type":"article","og_title":"Start - P.U. Dziuniek","og_url":"https:\/\/www.dziuniek.pl\/","og_site_name":"P.U. Dziuniek","article_publisher":"https:\/\/www.facebook.com\/PU-Dziuniek-2152754564759870\/","article_modified_time":"2023-02-19T10:54:09+00:00","twitter_card":"summary_large_image","schema":{"@context":"https:\/\/schema.org","@graph":[{"@type":"WebPage","@id":"https:\/\/www.dziuniek.pl\/","url":"https:\/\/www.dziuniek.pl\/","name":"Start - P.U. Dziuniek","isPartOf":{"@id":"https:\/\/www.dziuniek.pl\/#website"},"datePublished":"2016-02-12T07:54:41+00:00","dateModified":"2023-02-19T10:54:09+00:00","breadcrumb":{"@id":"https:\/\/www.dziuniek.pl\/#breadcrumb"},"inLanguage":"pl-PL","potentialAction":[{"@type":"ReadAction","target":["https:\/\/www.dziuniek.pl\/"]}]},{"@type":"BreadcrumbList","@id":"https:\/\/www.dziuniek.pl\/#breadcrumb","itemListElement":[{"@type":"ListItem","position":1,"name":"Strona g\u0142\u00f3wna","item":"https:\/\/www.dziuniek.pl\/"},{"@type":"ListItem","position":2,"name":"Start"}]},{"@type":"WebSite","@id":"https:\/\/www.dziuniek.pl\/#website","url":"https:\/\/www.dziuniek.pl\/","name":"P.U. Dziuniek","description":"Profesjonalne czyszczenie kostki, elewacji, wentylacji mechanicznej, drobne prace wysoko\u015bciowe, od\u015bnie\u017canie","publisher":{"@id":"https:\/\/www.dziuniek.pl\/#organization"},"potentialAction":[{"@type":"SearchAction","target":{"@type":"EntryPoint","urlTemplate":"https:\/\/www.dziuniek.pl\/?s={search_term_string}"},"query-input":{"@type":"PropertyValueSpecification","valueRequired":true,"valueName":"search_term_string"}}],"inLanguage":"pl-PL"},{"@type":"Organization","@id":"https:\/\/www.dziuniek.pl\/#organization","name":"P.U. Dziuniek","url":"https:\/\/www.dziuniek.pl\/","logo":{"@type":"ImageObject","inLanguage":"pl-PL","@id":"https:\/\/www.dziuniek.pl\/#\/schema\/logo\/image\/","url":"https:\/\/www.dziuniek.pl\/wp-content\/uploads\/2023\/02\/cropped-Zasob-4-1.png","contentUrl":"https:\/\/www.dziuniek.pl\/wp-content\/uploads\/2023\/02\/cropped-Zasob-4-1.png","width":414,"height":100,"caption":"P.U. Dziuniek"},"image":{"@id":"https:\/\/www.dziuniek.pl\/#\/schema\/logo\/image\/"},"sameAs":["https:\/\/www.facebook.com\/PU-Dziuniek-2152754564759870\/","https:\/\/goo.gl\/maps\/cWg5AmAtcGkWDqwV8"]}]}},"_links":{"self":[{"href":"https:\/\/www.dziuniek.pl\/index.php\/wp-json\/wp\/v2\/pages\/1414","targetHints":{"allow":["GET"]}}],"collection":[{"href":"https:\/\/www.dziuniek.pl\/index.php\/wp-json\/wp\/v2\/pages"}],"about":[{"href":"https:\/\/www.dziuniek.pl\/index.php\/wp-json\/wp\/v2\/types\/page"}],"author":[{"embeddable":true,"href":"https:\/\/www.dziuniek.pl\/index.php\/wp-json\/wp\/v2\/users\/2"}],"replies":[{"embeddable":true,"href":"https:\/\/www.dziuniek.pl\/index.php\/wp-json\/wp\/v2\/comments?post=1414"}],"version-history":[{"count":1,"href":"https:\/\/www.dziuniek.pl\/index.php\/wp-json\/wp\/v2\/pages\/1414\/revisions"}],"predecessor-version":[{"id":1479,"href":"https:\/\/www.dziuniek.pl\/index.php\/wp-json\/wp\/v2\/pages\/1414\/revisions\/1479"}],"wp:attachment":[{"href":"https:\/\/www.dziuniek.pl\/index.php\/wp-json\/wp\/v2\/media?parent=1414"}],"curies":[{"name":"wp","href":"https:\/\/api.w.org\/{rel}","templated":true}]}}